{"id":334,"date":"2020-11-11T07:47:51","date_gmt":"2020-11-11T07:47:51","guid":{"rendered":"https:\/\/alva-solutions.de\/?page_id=334"},"modified":"2026-01-15T20:00:24","modified_gmt":"2026-01-15T20:00:24","slug":"impressum","status":"publish","type":"page","link":"https:\/\/alva-solutions.com\/en\/impressum","title":{"rendered":"Imprint"},"content":{"rendered":"<div data-elementor-type=\"wp-page\" data-elementor-id=\"334\" class=\"elementor elementor-334\" data-elementor-post-type=\"page\">\n\t\t\t\t\t\t<section class=\"elementor-section elementor-top-section elementor-element elementor-element-301320c7 elementor-section-full_width elementor-section-height-default elementor-section-height-default\" data-id=\"301320c7\" data-element_type=\"section\" data-settings=\"{&quot;background_background&quot;:&quot;classic&quot;}\">\n\t\t\t\t\t\t\t<div class=\"elementor-background-overlay\"><\/div>\n\t\t\t\t\t\t\t<div class=\"elementor-container elementor-column-gap-default\">\n\t\t\t\t\t<div class=\"elementor-column elementor-col-100 elementor-top-column elementor-element elementor-element-ebf7ab4\" data-id=\"ebf7ab4\" data-element_type=\"column\">\n\t\t\t<div class=\"elementor-widget-wrap elementor-element-populated\">\n\t\t\t\t\t\t<div class=\"elementor-element elementor-element-823d086 elementor-widget elementor-widget-heading\" data-id=\"823d086\" data-element_type=\"widget\" data-widget_type=\"heading.default\">\n\t\t\t\t<div class=\"elementor-widget-container\">\n\t\t\t\t\t<h2 class=\"elementor-heading-title elementor-size-default translation-block\">Imprint<\/h2>\t\t\t\t<\/div>\n\t\t\t\t<\/div>\n\t\t\t\t\t<\/div>\n\t\t<\/div>\n\t\t\t\t\t<\/div>\n\t\t<\/section>\n\t\t\t\t<section class=\"elementor-section elementor-top-section elementor-element elementor-element-69452d99 elementor-section-boxed elementor-section-height-default elementor-section-height-default\" data-id=\"69452d99\" data-element_type=\"section\">\n\t\t\t\t\t\t<div class=\"elementor-container elementor-column-gap-default\">\n\t\t\t\t\t<div class=\"elementor-column elementor-col-100 elementor-top-column elementor-element elementor-element-16ca7d34\" data-id=\"16ca7d34\" data-element_type=\"column\">\n\t\t\t<div class=\"elementor-widget-wrap elementor-element-populated\">\n\t\t\t\t\t\t<div class=\"elementor-element elementor-element-471df184 elementor-widget elementor-widget-text-editor\" data-id=\"471df184\" data-element_type=\"widget\" data-widget_type=\"text-editor.default\">\n\t\t\t\t<div class=\"elementor-widget-container\">\n\t\t\t\t\t\t\t\t\t<p style=\"text-align: left;\" class=\"translation-block\">Imprint<\/p><p style=\"text-align: left;\">ALVA Solutions GmbH<br \/>L\u00e4ttichstra\u00dfe 6<br \/>6340 Baar<br \/>Switzerland<\/p><p style=\"text-align: left;\">Tel: +49 40 22897690<\/p><p style=\"text-align: left;\"><span style=\"font-size: 14px; color: var( --e-global-color-text ); text-align: center;\">Email: backoffice@alva-solutions.com<\/span><\/p><p style=\"text-align: left;\">Represented by:<br \/>Managing Director Mohammad Honey Rahmatyan<\/p><h3 style=\"transition: all 0.4s ease 0s; margin-bottom: 17px; font-family: Roboto, sans-serif; font-weight: normal; color: #0c0c0d; line-height: 1.1; font-size: 20px; font-style: normal; font-variant-ligatures: normal; font-variant-caps: normal; text-align: left;\">Commercial Register<\/h3><p style=\"transition: all 0.4s ease 0s; line-height: 1.65; margin-bottom: 25px; font-family: Roboto, sans-serif; font-weight: 400; font-size: 15px; color: #737373; font-style: normal; font-variant-ligatures: normal; font-variant-caps: normal; text-align: left;\">Canton of Zug<br \/>CHE-305.635.064<\/p><p style=\"text-align: left;\"><b>Disclaimer \u2013 legal information<\/b><\/p><p style=\"text-align: left;\"><b>\u00a7 1 Content Warning<\/b><\/p><p style=\"text-align: left;\" class=\"translation-block\">The free and freely accessible content of this website was created with the greatest possible care.\nHowever, the provider of this website assumes no liability for the accuracy and timeliness of the\nfree and freely accessible journalistic guides and news provided. Contributions\nmarked by name reflect the opinion of the respective author and not always the opinion of the\nprovider. Simply calling up the free and freely accessible content does not result in any\ncontractual relationship between the user and the provider, and in this respect the provider lacks the will to be\nlegally binding.<\/p><p style=\"text-align: left;\"><b>\u00a7 2 Externe Links<\/b><\/p><p style=\"text-align: left;\" class=\"translation-block\">This website contains links to third-party websites (\"external links\"). These websites are subject to the\nliability of the respective operator. When the external links were first linked, the provider\nchecked the third-party content for any legal violations. At the time, no\nlegal violations were apparent. The provider has no influence on the current and future design\nand content of the linked pages. The setting of external links does not mean that the\nprovider adopts the content behind the reference or link as his own. Constant monitoring of the\nexternal links is not reasonable for the provider without concrete evidence of legal violations. at\nHowever, as soon as we become aware of legal violations, such external links will be deleted immediately.<\/p><p style=\"text-align: left;\"><b>\u00a7 3 Copyright and ancillary copyrights<\/b><\/p><p style=\"text-align: left;\" class=\"translation-block\">The content published on this website is subject to German copyright and ancillary copyright\n. Any use not permitted by German copyright and ancillary copyright law\nrequires the prior written consent of the provider or the respective rights holder.\nThis applies in particular to the duplication, processing, translation, storage, processing or\nreproduction of content in databases or other electronic media and systems. Content and\nrights of third parties are marked as such. The unauthorized duplication or forwarding\nof individual content or complete pages is not permitted and is punishable by law. Merely the production of\nCopies and downloads for personal, private and non-commercial use are permitted.\nThe presentation of this website in external frames is only permitted with written permission.<\/p><p style=\"text-align: left;\"><b>\u00a7 4 Special Terms of Use<\/b><\/p><p style=\"text-align: left;\"><span style=\"font-size: 14px; color: var( --e-global-color-text );\">As far as special conditions for individual uses of this website from the aforementioned.<\/span><\/p><p style=\"text-align: left;\" class=\"translation-block\">Paragraphs deviate, this is expressly pointed out at the appropriate point. In this case\n, the special terms of use apply in each individual case.<\/p>\t\t\t\t\t\t\t\t<\/div>\n\t\t\t\t<\/div>\n\t\t\t\t\t<\/div>\n\t\t<\/div>\n\t\t\t\t\t<\/div>\n\t\t<\/section>\n\t\t\t\t<\/div>","protected":false},"excerpt":{"rendered":"<p>Impressum ALVA Solutions GmbHL\u00e4ttichstra\u00dfe 66340 BaarSchweiz Tel: +49 40 22897690 Email: backoffice@alva-solutions.com Vertreten durch:Gesch\u00e4ftsf\u00fchrer Mohammad Honey Rahmatyan Handelsregister Kanton ZugCHE-305.635.064 Disclaimer \u2013 rechtliche Hinweise \u00a7 1 Warnhinweis zu Inhalten Die kostenlosen und frei zug\u00e4nglichen Inhalte dieser Webseite wurden mit gr\u00f6\u00dftm\u00f6glicher Sorgfalt erstellt.Der Anbieter dieser Webseite \u00fcbernimmt jedoch keine Gew\u00e4hr f\u00fcr die Richtigkeit und Aktualit\u00e4t derbereitgestellten [&hellip;]<\/p>\n","protected":false},"author":2,"featured_media":0,"parent":0,"menu_order":0,"comment_status":"closed","ping_status":"closed","template":"elementor_header_footer","meta":{"ocean_post_layout":"","ocean_both_sidebars_style":"","ocean_both_sidebars_content_width":0,"ocean_both_sidebars_sidebars_width":0,"ocean_sidebar":"0","ocean_second_sidebar":"0","ocean_disable_margins":"enable","ocean_add_body_class":"","ocean_shortcode_before_top_bar":"","ocean_shortcode_after_top_bar":"","ocean_shortcode_before_header":"","ocean_shortcode_after_header":"","ocean_has_shortcode":"","ocean_shortcode_after_title":"","ocean_shortcode_before_footer_widgets":"","ocean_shortcode_after_footer_widgets":"","ocean_shortcode_before_footer_bottom":"","ocean_shortcode_after_footer_bottom":"","ocean_display_top_bar":"default","ocean_display_header":"default","ocean_header_style":"","ocean_center_header_left_menu":"0","ocean_custom_header_template":"0","ocean_custom_logo":0,"ocean_custom_retina_logo":0,"ocean_custom_logo_max_width":0,"ocean_custom_logo_tablet_max_width":0,"ocean_custom_logo_mobile_max_width":0,"ocean_custom_logo_max_height":0,"ocean_custom_logo_tablet_max_height":0,"ocean_custom_logo_mobile_max_height":0,"ocean_header_custom_menu":"0","ocean_menu_typo_font_family":"0","ocean_menu_typo_font_subset":"","ocean_menu_typo_font_size":0,"ocean_menu_typo_font_size_tablet":0,"ocean_menu_typo_font_size_mobile":0,"ocean_menu_typo_font_size_unit":"px","ocean_menu_typo_font_weight":"","ocean_menu_typo_font_weight_tablet":"","ocean_menu_typo_font_weight_mobile":"","ocean_menu_typo_transform":"","ocean_menu_typo_transform_tablet":"","ocean_menu_typo_transform_mobile":"","ocean_menu_typo_line_height":0,"ocean_menu_typo_line_height_tablet":0,"ocean_menu_typo_line_height_mobile":0,"ocean_menu_typo_line_height_unit":"","ocean_menu_typo_spacing":0,"ocean_menu_typo_spacing_tablet":0,"ocean_menu_typo_spacing_mobile":0,"ocean_menu_typo_spacing_unit":"","ocean_menu_link_color":"","ocean_menu_link_color_hover":"","ocean_menu_link_color_active":"","ocean_menu_link_background":"","ocean_menu_link_hover_background":"","ocean_menu_link_active_background":"","ocean_menu_social_links_bg":"","ocean_menu_social_hover_links_bg":"","ocean_menu_social_links_color":"","ocean_menu_social_hover_links_color":"","ocean_disable_title":"default","ocean_disable_heading":"default","ocean_post_title":"","ocean_post_subheading":"","ocean_post_title_style":"","ocean_post_title_background_color":"","ocean_post_title_background":0,"ocean_post_title_bg_image_position":"","ocean_post_title_bg_image_attachment":"","ocean_post_title_bg_image_repeat":"","ocean_post_title_bg_image_size":"","ocean_post_title_height":0,"ocean_post_title_bg_overlay":0.5,"ocean_post_title_bg_overlay_color":"","ocean_disable_breadcrumbs":"default","ocean_breadcrumbs_color":"","ocean_breadcrumbs_separator_color":"","ocean_breadcrumbs_links_color":"","ocean_breadcrumbs_links_hover_color":"","ocean_display_footer_widgets":"default","ocean_display_footer_bottom":"default","ocean_custom_footer_template":"0","footnotes":""},"class_list":["post-334","page","type-page","status-publish","hentry","entry"],"_links":{"self":[{"href":"https:\/\/alva-solutions.com\/en\/wp-json\/wp\/v2\/pages\/334","targetHints":{"allow":["GET"]}}],"collection":[{"href":"https:\/\/alva-solutions.com\/en\/wp-json\/wp\/v2\/pages"}],"about":[{"href":"https:\/\/alva-solutions.com\/en\/wp-json\/wp\/v2\/types\/page"}],"author":[{"embeddable":true,"href":"https:\/\/alva-solutions.com\/en\/wp-json\/wp\/v2\/users\/2"}],"replies":[{"embeddable":true,"href":"https:\/\/alva-solutions.com\/en\/wp-json\/wp\/v2\/comments?post=334"}],"version-history":[{"count":10,"href":"https:\/\/alva-solutions.com\/en\/wp-json\/wp\/v2\/pages\/334\/revisions"}],"predecessor-version":[{"id":911,"href":"https:\/\/alva-solutions.com\/en\/wp-json\/wp\/v2\/pages\/334\/revisions\/911"}],"wp:attachment":[{"href":"https:\/\/alva-solutions.com\/en\/wp-json\/wp\/v2\/media?parent=334"}],"curies":[{"name":"wp","href":"https:\/\/api.w.org\/{rel}","templated":true}]}}